{"id":3548,"date":"2021-10-14T13:52:34","date_gmt":"2021-10-14T12:52:34","guid":{"rendered":"https:\/\/evalu-dev.33degres.fr\/news\/"},"modified":"2025-02-25T14:45:28","modified_gmt":"2025-02-25T13:45:28","slug":"news","status":"publish","type":"page","link":"https:\/\/evaluconseil.com\/en\/news\/","title":{"rendered":"News"},"content":{"rendered":"<p>[et_pb_section fb_built=&#8221;1&#8243; fullwidth=&#8221;on&#8221; _builder_version=&#8221;4.14.4&#8243; _module_preset=&#8221;default&#8221; background_image=&#8221;https:\/\/evaluconseil.com\/wp-content\/uploads\/2021\/11\/shutterstock_670919902-Converted-1.jpg&#8221; custom_margin=&#8221;||0px||false|false&#8221; custom_padding=&#8221;||||false|false&#8221; hover_enabled=&#8221;0&#8243; global_colors_info=&#8221;{}&#8221; height_phone=&#8221;40vh&#8221; height_last_edited=&#8221;on|phone&#8221; sticky_enabled=&#8221;0&#8243;][et_pb_fullwidth_header title=&#8221;news&#8221; text_orientation=&#8221;center&#8221; _builder_version=&#8221;4.14.4&#8243; _module_preset=&#8221;default&#8221; title_font=&#8221;|||on|||||&#8221; title_text_align=&#8221;center&#8221; title_font_size=&#8221;60px&#8221; title_line_height=&#8221;1.7em&#8221; background_enable_color=&#8221;off&#8221; background_enable_image=&#8221;off&#8221; height=&#8221;66vh&#8221; height_tablet=&#8221;&#8221; height_phone=&#8221;&#8221; height_last_edited=&#8221;on|desktop&#8221; custom_margin=&#8221;0px||||false|false&#8221; custom_padding=&#8221;0px||||false|false&#8221; hover_enabled=&#8221;0&#8243; title_font_size_tablet=&#8221;40px&#8221; title_font_size_phone=&#8221;26px&#8221; title_font_size_last_edited=&#8221;on|desktop&#8221; custom_css_main_element=&#8221;display: flex;&#8221; global_colors_info=&#8221;{}&#8221; sticky_enabled=&#8221;0&#8243;][\/et_pb_fullwidth_header][\/et_pb_section][et_pb_section fb_built=&#8221;1&#8243; _builder_version=&#8221;4.11.2&#8243; _module_preset=&#8221;default&#8221; custom_margin=&#8221;30px||100px||false|false&#8221; custom_padding=&#8221;0px||0px||false|false&#8221; global_colors_info=&#8221;{}&#8221;][et_pb_row _builder_version=&#8221;4.13.0&#8243; _module_preset=&#8221;default&#8221; custom_margin=&#8221;0px||0px||false|false&#8221; custom_padding=&#8221;0px||0px||false|false&#8221; global_colors_info=&#8221;{}&#8221;][et_pb_column type=&#8221;4_4&#8243; _builder_version=&#8221;4.11.2&#8243; _module_preset=&#8221;default&#8221; global_colors_info=&#8221;{}&#8221;][et_pb_blog fullwidth=&#8221;off&#8221; posts_number=&#8221;6&#8243; use_manual_excerpt=&#8221;off&#8221; excerpt_length=&#8221;70&#8243; show_categories=&#8221;off&#8221; _builder_version=&#8221;4.13.1&#8243; _module_preset=&#8221;default&#8221; header_font_size=&#8221;18px&#8221; pagination_text_color=&#8221;#000000&#8243; custom_margin=&#8221;0px||0px||false|false&#8221; custom_padding=&#8221;0px||0px||false|false&#8221; global_colors_info=&#8221;{}&#8221;][\/et_pb_blog][\/et_pb_column][\/et_pb_row][\/et_pb_section]<\/p>\n","protected":false},"excerpt":{"rendered":"","protected":false},"author":6,"featured_media":0,"parent":0,"menu_order":0,"comment_status":"closed","ping_status":"closed","template":"","meta":{"_et_pb_use_builder":"on","_et_pb_old_content":"","_et_gb_content_width":"","inline_featured_image":false,"footnotes":""},"class_list":["post-3548","page","type-page","status-publish","hentry"],"yoast_head":"<!-- This site is optimized with the Yoast SEO plugin v27.4 - https:\/\/yoast.com\/product\/yoast-seo-wordpress\/ -->\n<title>News - Evalu<\/title>\n<meta name=\"description\" content=\"Evalu takes you to the heart of current events in the health industry. Also discover news related to our activity.\" \/>\n<meta name=\"robots\" content=\"index, follow, max-snippet:-1, max-image-preview:large, max-video-preview:-1\" \/>\n<link rel=\"canonical\" href=\"https:\/\/evaluconseil.com\/en\/news\/\" \/>\n<meta property=\"og:locale\" content=\"en_US\" \/>\n<meta property=\"og:type\" content=\"article\" \/>\n<meta property=\"og:title\" content=\"News - Evalu\" \/>\n<meta property=\"og:description\" content=\"Evalu takes you to the heart of current events in the health industry. Also discover news related to our activity.\" \/>\n<meta property=\"og:url\" content=\"https:\/\/evaluconseil.com\/en\/news\/\" \/>\n<meta property=\"og:site_name\" content=\"Evalu\" \/>\n<meta property=\"article:modified_time\" content=\"2025-02-25T13:45:28+00:00\" \/>\n<meta name=\"twitter:card\" content=\"summary_large_image\" \/>\n<meta name=\"twitter:label1\" content=\"Est. reading time\" \/>\n\t<meta name=\"twitter:data1\" content=\"1 minute\" \/>\n<script type=\"application\/ld+json\" class=\"yoast-schema-graph\">{\"@context\":\"https:\\\/\\\/schema.org\",\"@graph\":[{\"@type\":\"WebPage\",\"@id\":\"https:\\\/\\\/evaluconseil.com\\\/en\\\/news\\\/\",\"url\":\"https:\\\/\\\/evaluconseil.com\\\/en\\\/news\\\/\",\"name\":\"News - Evalu\",\"isPartOf\":{\"@id\":\"https:\\\/\\\/evaluconseil.com\\\/en\\\/#website\"},\"datePublished\":\"2021-10-14T12:52:34+00:00\",\"dateModified\":\"2025-02-25T13:45:28+00:00\",\"description\":\"Evalu takes you to the heart of current events in the health industry. Also discover news related to our activity.\",\"breadcrumb\":{\"@id\":\"https:\\\/\\\/evaluconseil.com\\\/en\\\/news\\\/#breadcrumb\"},\"inLanguage\":\"en-US\",\"potentialAction\":[{\"@type\":\"ReadAction\",\"target\":[\"https:\\\/\\\/evaluconseil.com\\\/en\\\/news\\\/\"]}]},{\"@type\":\"BreadcrumbList\",\"@id\":\"https:\\\/\\\/evaluconseil.com\\\/en\\\/news\\\/#breadcrumb\",\"itemListElement\":[{\"@type\":\"ListItem\",\"position\":1,\"name\":\"Home\",\"item\":\"https:\\\/\\\/evaluconseil.com\\\/en\\\/assessed\\\/\"},{\"@type\":\"ListItem\",\"position\":2,\"name\":\"News\"}]},{\"@type\":\"WebSite\",\"@id\":\"https:\\\/\\\/evaluconseil.com\\\/en\\\/#website\",\"url\":\"https:\\\/\\\/evaluconseil.com\\\/en\\\/\",\"name\":\"Evalu\",\"description\":\"Soci\u00e9t\u00e9 de conseil dans l&#039;industrie de la sant\u00e9\",\"publisher\":{\"@id\":\"https:\\\/\\\/evaluconseil.com\\\/en\\\/#organization\"},\"potentialAction\":[{\"@type\":\"SearchAction\",\"target\":{\"@type\":\"EntryPoint\",\"urlTemplate\":\"https:\\\/\\\/evaluconseil.com\\\/en\\\/?s={search_term_string}\"},\"query-input\":{\"@type\":\"PropertyValueSpecification\",\"valueRequired\":true,\"valueName\":\"search_term_string\"}}],\"inLanguage\":\"en-US\"},{\"@type\":\"Organization\",\"@id\":\"https:\\\/\\\/evaluconseil.com\\\/en\\\/#organization\",\"name\":\"Evalu conseil\",\"url\":\"https:\\\/\\\/evaluconseil.com\\\/en\\\/\",\"logo\":{\"@type\":\"ImageObject\",\"inLanguage\":\"en-US\",\"@id\":\"https:\\\/\\\/evaluconseil.com\\\/en\\\/#\\\/schema\\\/logo\\\/image\\\/\",\"url\":\"https:\\\/\\\/evaluconseil.com\\\/wp-content\\\/uploads\\\/2021\\\/10\\\/Logo-evalu-blanc.png\",\"contentUrl\":\"https:\\\/\\\/evaluconseil.com\\\/wp-content\\\/uploads\\\/2021\\\/10\\\/Logo-evalu-blanc.png\",\"width\":1692,\"height\":1021,\"caption\":\"Evalu conseil\"},\"image\":{\"@id\":\"https:\\\/\\\/evaluconseil.com\\\/en\\\/#\\\/schema\\\/logo\\\/image\\\/\"},\"sameAs\":[\"https:\\\/\\\/www.linkedin.com\\\/company\\\/evalu-conseil\\\/\"]}]}<\/script>\n<!-- \/ Yoast SEO plugin. -->","yoast_head_json":{"title":"News - Evalu","description":"Evalu takes you to the heart of current events in the health industry. Also discover news related to our activity.","robots":{"index":"index","follow":"follow","max-snippet":"max-snippet:-1","max-image-preview":"max-image-preview:large","max-video-preview":"max-video-preview:-1"},"canonical":"https:\/\/evaluconseil.com\/en\/news\/","og_locale":"en_US","og_type":"article","og_title":"News - Evalu","og_description":"Evalu takes you to the heart of current events in the health industry. Also discover news related to our activity.","og_url":"https:\/\/evaluconseil.com\/en\/news\/","og_site_name":"Evalu","article_modified_time":"2025-02-25T13:45:28+00:00","twitter_card":"summary_large_image","twitter_misc":{"Est. reading time":"1 minute"},"schema":{"@context":"https:\/\/schema.org","@graph":[{"@type":"WebPage","@id":"https:\/\/evaluconseil.com\/en\/news\/","url":"https:\/\/evaluconseil.com\/en\/news\/","name":"News - Evalu","isPartOf":{"@id":"https:\/\/evaluconseil.com\/en\/#website"},"datePublished":"2021-10-14T12:52:34+00:00","dateModified":"2025-02-25T13:45:28+00:00","description":"Evalu takes you to the heart of current events in the health industry. Also discover news related to our activity.","breadcrumb":{"@id":"https:\/\/evaluconseil.com\/en\/news\/#breadcrumb"},"inLanguage":"en-US","potentialAction":[{"@type":"ReadAction","target":["https:\/\/evaluconseil.com\/en\/news\/"]}]},{"@type":"BreadcrumbList","@id":"https:\/\/evaluconseil.com\/en\/news\/#breadcrumb","itemListElement":[{"@type":"ListItem","position":1,"name":"Home","item":"https:\/\/evaluconseil.com\/en\/assessed\/"},{"@type":"ListItem","position":2,"name":"News"}]},{"@type":"WebSite","@id":"https:\/\/evaluconseil.com\/en\/#website","url":"https:\/\/evaluconseil.com\/en\/","name":"Evalu","description":"Soci\u00e9t\u00e9 de conseil dans l&#039;industrie de la sant\u00e9","publisher":{"@id":"https:\/\/evaluconseil.com\/en\/#organization"},"potentialAction":[{"@type":"SearchAction","target":{"@type":"EntryPoint","urlTemplate":"https:\/\/evaluconseil.com\/en\/?s={search_term_string}"},"query-input":{"@type":"PropertyValueSpecification","valueRequired":true,"valueName":"search_term_string"}}],"inLanguage":"en-US"},{"@type":"Organization","@id":"https:\/\/evaluconseil.com\/en\/#organization","name":"Evalu conseil","url":"https:\/\/evaluconseil.com\/en\/","logo":{"@type":"ImageObject","inLanguage":"en-US","@id":"https:\/\/evaluconseil.com\/en\/#\/schema\/logo\/image\/","url":"https:\/\/evaluconseil.com\/wp-content\/uploads\/2021\/10\/Logo-evalu-blanc.png","contentUrl":"https:\/\/evaluconseil.com\/wp-content\/uploads\/2021\/10\/Logo-evalu-blanc.png","width":1692,"height":1021,"caption":"Evalu conseil"},"image":{"@id":"https:\/\/evaluconseil.com\/en\/#\/schema\/logo\/image\/"},"sameAs":["https:\/\/www.linkedin.com\/company\/evalu-conseil\/"]}]}},"_links":{"self":[{"href":"https:\/\/evaluconseil.com\/en\/wp-json\/wp\/v2\/pages\/3548","targetHints":{"allow":["GET"]}}],"collection":[{"href":"https:\/\/evaluconseil.com\/en\/wp-json\/wp\/v2\/pages"}],"about":[{"href":"https:\/\/evaluconseil.com\/en\/wp-json\/wp\/v2\/types\/page"}],"author":[{"embeddable":true,"href":"https:\/\/evaluconseil.com\/en\/wp-json\/wp\/v2\/users\/6"}],"replies":[{"embeddable":true,"href":"https:\/\/evaluconseil.com\/en\/wp-json\/wp\/v2\/comments?post=3548"}],"version-history":[{"count":3,"href":"https:\/\/evaluconseil.com\/en\/wp-json\/wp\/v2\/pages\/3548\/revisions"}],"predecessor-version":[{"id":3551,"href":"https:\/\/evaluconseil.com\/en\/wp-json\/wp\/v2\/pages\/3548\/revisions\/3551"}],"wp:attachment":[{"href":"https:\/\/evaluconseil.com\/en\/wp-json\/wp\/v2\/media?parent=3548"}],"curies":[{"name":"wp","href":"https:\/\/api.w.org\/{rel}","templated":true}]}}