{"id":3425,"date":"2021-11-18T15:11:56","date_gmt":"2021-11-18T14:11:56","guid":{"rendered":"https:\/\/evalu-dev.33degres.fr\/privacy-policy\/"},"modified":"2025-05-19T12:42:06","modified_gmt":"2025-05-19T11:42:06","slug":"privacy-policy","status":"publish","type":"page","link":"https:\/\/evaluconseil.com\/en\/privacy-policy\/","title":{"rendered":"Privacy Policy"},"content":{"rendered":"<p>[et_pb_section fb_built=&#8221;1&#8243; fullwidth=&#8221;on&#8221; admin_label=&#8221;Section&#8221; _builder_version=&#8221;4.16&#8243; _module_preset=&#8221;default&#8221; custom_margin=&#8221;||0px||false|false&#8221; custom_padding=&#8221;||||false|false&#8221; locked=&#8221;off&#8221; global_colors_info=&#8221;{}&#8221;][\/et_pb_section][et_pb_section fb_built=&#8221;1&#8243; _builder_version=&#8221;4.16&#8243; _module_preset=&#8221;default&#8221; width=&#8221;99.7%&#8221; custom_padding=&#8221;50px|||1px||&#8221; global_colors_info=&#8221;{}&#8221;][et_pb_row _builder_version=&#8221;4.16&#8243; _module_preset=&#8221;default&#8221; custom_padding=&#8221;0px|||||&#8221; global_colors_info=&#8221;{}&#8221;][et_pb_column type=&#8221;4_4&#8243; _builder_version=&#8221;4.16&#8243; _module_preset=&#8221;default&#8221; global_colors_info=&#8221;{}&#8221;][et_pb_text _builder_version=&#8221;4.16&#8243; _module_preset=&#8221;default&#8221; custom_padding=&#8221;||0px|||&#8221; global_colors_info=&#8221;{}&#8221;]<\/p>\n<h1 style=\"text-align: center;\">PRIVACY POLICY<\/h1>\n<p>&nbsp;<\/p>\n<p>The website www.evaluconseil.com (hereinafter referred to as &#8220;the Site&#8221;) is published by Evalu, a simplified joint stock company with capital of \u20ac10,000, registered with the Nanterre Trade and Companies Register under number 803 702 901, having its registered office at 81 rue Albert Perdreaux, 92370 Chaville (hereinafter referred to as &#8220;EVALU&#8221;).<\/p>\n<p>As part of the navigation on the Site, Internet users (hereinafter the &#8220;Internet users&#8221;) may be required to communicate personal data to Evalu, which will process them as data controller, within the meaning of the Regulation (EU) 2016 \/679 (RGPD) and the so-called Data Protection Act of January 6, 1978, as amended.<\/p>\n<p>This Policy describes how the personal data of Internet Users will be processed by Evalu in order to comply with the laws and regulations on the protection of privacy and personal data.<\/p>\n<h2>DATA PROCESSING BY EVALU<\/h2>\n<p>The personal data of Internet users is collected via the Site, either when the User completes the contact or application form, or through cookies.<\/p>\n<p>All the information relating to the data processing carried out by Evalu is presented in the table below, it being specified that the data collected by means of cookies is specified in the dedicated section below:<\/p>\n<p>[\/et_pb_text][et_pb_text _builder_version=&#8221;4.16&#8243; _module_preset=&#8221;default&#8221; overflow-x=&#8221;scroll&#8221; global_colors_info=&#8221;{}&#8221;]<\/p>\n<table style=\"width: 100%; border-collapse: collapse; height: 72px;\">\n<tbody>\n<tr style=\"height: 24px;\">\n<td style=\"width: 25%; height: 24px;\"><strong>Purpose<\/strong><\/td>\n<td style=\"width: 25%; height: 24px;\"><strong>Type of data collected<\/strong><\/td>\n<td style=\"width: 25%; height: 24px;\"><strong>Retention period<\/strong><\/td>\n<td style=\"width: 12.5%; height: 24px;\"><strong>Legal basis<\/strong><\/td>\n<td style=\"width: 12.5%; height: 24px;\"><strong>Recipients<\/strong><\/td>\n<\/tr>\n<tr style=\"height: 24px;\">\n<td style=\"width: 25%; height: 24px;\">\n<p class=\"p1\">Sending communications relating to the activity of Evalu and commercial prospecting (in particular information, wishes, newsletter, articles), management of the prospect&#8217;s requests<\/p>\n<\/td>\n<td style=\"width: 25%; height: 24px;\">\n<p class=\"p1\">E-mail address<\/p>\n<p class=\"p1\">First and last name<span class=\"Apple-converted-space\"> <\/span><\/p>\n<p class=\"p2\">Address<\/p>\n<p class=\"p1\">Phone number<\/p>\n<\/td>\n<td style=\"width: 25%; height: 24px;\">\n<p class=\"p1\">3 years after collection or after the last contact from the prospect<\/p>\n<\/td>\n<td style=\"width: 12.5%; height: 24px;\">\n<p class=\"p1\">Consent<\/p>\n<\/td>\n<td style=\"width: 12.5%; height: 24px;\">\n<p class=\"p1\">Relevant departments within Evalu<\/p>\n<p class=\"p1\">The subcontractors<span class=\"Apple-converted-space\">  <\/span>from Evaluated<\/p>\n<\/td>\n<\/tr>\n<tr style=\"height: 24px;\">\n<td style=\"width: 25%; height: 24px;\">\n<p class=\"p1\">Candidate management and recruitment<\/p>\n<\/td>\n<td style=\"width: 25%; height: 24px;\">\n<p class=\"p1\">E-mail address<\/p>\n<p class=\"p1\">First and last name<span class=\"Apple-converted-space\"> <\/span><\/p>\n<p class=\"p1\">Address<\/p>\n<p class=\"p1\">Phone number<\/p>\n<p class=\"p1\">CV \u2013 information provided by the candidate<\/p>\n<\/td>\n<td style=\"width: 25%; height: 24px;\">\n<p class=\"p1\">2 years after last contact<span class=\"Apple-converted-space\">  <\/span>with the candidate<\/p>\n<\/td>\n<td style=\"width: 12.5%; height: 24px;\">\n<p class=\"p1\">Execution of pre-contractual measures<\/p>\n<\/td>\n<td style=\"width: 12.5%; height: 24px;\">\n<p class=\"p1\">Relevant departments within Evalu<\/p>\n<p class=\"p1\">The subcontractors<span class=\"Apple-converted-space\">  <\/span>from Evaluated<\/p>\n<\/td>\n<\/tr>\n<\/tbody>\n<\/table>\n<p>&nbsp;[\/et_pb_text][et_pb_text _builder_version=&#8221;4.16&#8243; _module_preset=&#8221;default&#8221; global_colors_info=&#8221;{}&#8221;]<\/p>\n<h2>RECIPIENTS OF DATA AND TRANSFERS OUTSIDE THE EU<\/h2>\n<p>Within Evalu, data is only communicated to personnel authorized to process personal data.<\/p>\n<p>As part of the processing operations that it operates directly, Evalu does not transfer personal data outside the European Union.<\/p>\n<p>User data is also communicated to Evalu&#8217;s subcontractors as follows:<\/p>\n<p>&nbsp;<\/p>\n<p>[\/et_pb_text][et_pb_text _builder_version=&#8221;4.16&#8243; _module_preset=&#8221;default&#8221; overflow-x=&#8221;scroll&#8221; custom_padding=&#8221;10px|||||&#8221; global_colors_info=&#8221;{}&#8221;]<\/p>\n<table border=\"1\" style=\"border-collapse: collapse; width: 100%;\">\n<tbody>\n<tr>\n<td style=\"width: 25%;\"><strong>Identity of subcontractor<\/strong><\/td>\n<td style=\"width: 25%;\"><strong>Purpose of subcontracting<\/strong><\/td>\n<td style=\"width: 25%;\"><strong>Personal data concerned<\/strong><\/td>\n<td style=\"width: 25%;\"><strong>Location of subcontractor<\/strong><\/td>\n<\/tr>\n<tr>\n<td style=\"width: 25%;\">OVHCloud<\/td>\n<td style=\"width: 25%;\">\n<p class=\"p1\">Service provider hosting the site<\/p>\n<\/td>\n<td style=\"width: 25%;\">\n<p class=\"p1\">Internet user data as referred to above (prospect and candidates) and data from cookies<\/p>\n<\/td>\n<td style=\"width: 25%;\">\n<p class=\"p1\">Gravelines, France<\/p>\n<\/td>\n<\/tr>\n<tr>\n<td style=\"width: 25%;\">MailChimp<\/td>\n<td style=\"width: 25%;\">Service provider allowing the sending of email<\/td>\n<td style=\"width: 25%;\">Last name, first name, email address of prospects<\/td>\n<td style=\"width: 25%;\">\n<p class=\"p1\">Georgia, USA<\/p>\n<\/td>\n<\/tr>\n<tr>\n<td style=\"width: 25%;\">Microsoft<\/td>\n<td style=\"width: 25%;\">File management solutions (Word and Excel)<\/td>\n<td style=\"width: 25%;\">\n<p class=\"p1\">Data of Internet users as referred to above (prospect and candidates)<\/p>\n<\/td>\n<td style=\"width: 25%;\">\n<p class=\"p1\">France<\/p>\n<\/td>\n<\/tr>\n<tr>\n<td style=\"width: 25%;\">\n<p class=\"p1\">Boundmanager<\/p>\n<\/td>\n<td style=\"width: 25%;\">\n<p class=\"p1\">Evalu CRM Editor<\/p>\n<\/td>\n<td style=\"width: 25%;\">Information on the prospects referred to above<\/td>\n<td style=\"width: 25%;\">\n<p class=\"p1\">France<span class=\"Apple-converted-space\"> <\/span><\/p>\n<\/td>\n<\/tr>\n<\/tbody>\n<\/table>\n<p>&nbsp;<\/p>\n<p>[\/et_pb_text][et_pb_text ul_position=&#8221;inside&#8221; ul_item_indent=&#8221;5px&#8221; _builder_version=&#8221;4.16&#8243; _module_preset=&#8221;default&#8221; custom_padding=&#8221;10px|||||&#8221; global_colors_info=&#8221;{}&#8221;]<\/p>\n<h2>SECURITY MEASURES<\/h2>\n<p>Evalu has put in place all the technical and organizational measures to ensure that the personal data processed has an adequate level of security and confidentiality.<\/p>\n<p>Evalu&#8217;s computer systems are equipped with safeguards and backup procedures are implemented.<\/p>\n<p>Evalu trains its personnel in the security of personal data and rigorously selects the subcontractors likely to access the data. These subcontractors are subject to at least an equivalent level of data security requirements.<\/p>\n<h2>RIGHTS OF INTERNET USERS<\/h2>\n<p>In accordance with the regulations in force, the persons whose data are collected benefit from the following rights, which can be exercised at any time:<\/p>\n<p><strong>Right of access and rectification:<\/strong> the Internet user may exercise his right of access to the personal data concerning him held by Evalu, and request rectification thereof as necessary;<\/p>\n<p><strong>Right of opposition:<\/strong> The Internet user may object, at any time, to the processing of his personal data for the purposes of commercial prospecting. He may also object, at any time, to the processing of his personal data, except in the event of compelling legitimate reasons or in the event of processing for the establishment, exercise or defense of Evalu&#8217;s legal rights.<\/p>\n<p><strong>Right to erasure:<\/strong> the Internet user may request that his personal data be deleted when (i) they are no longer necessary in relation to the purposes for which they were collected or are processed, (ii) the Internet user has withdrawn his consent or opposes the collection or processing.<\/p>\n<p>At any time, the Internet user may withdraw his consent for all processing based on this legal basis.<\/p>\n<p><strong>Right to portability:<\/strong> when the processing is based on the consent of the Internet user, he may request the portability of his data, in a structured and machine-readable format. This data may be transmitted directly to it or to a third party when technically possible.<\/p>\n<p><strong>Right to limitation:<\/strong> the Internet user may request the limitation of the processing of his personal data (i) if he disputes its accuracy, for the time necessary for Evalu to make the verifications, (ii) where the processing is unlawful, (iii) when they are no longer necessary, or when he has exercised his right to object;<\/p>\n<p><strong>Right to give directives after his death:<\/strong> the Internet user may give and modify directives regarding the processing of his data after his death.<\/p>\n<p>In order to exercise one of the rights mentioned above, or to obtain information related to them, the Internet user can send an e-mail to the following address: <a href=\"mailto:karine.monne@evaluconseil.com\">dpo@evaluconseil.com<\/a> .<\/p>\n<p>If he considers that his rights have been infringed, the Internet user has the possibility of seizing the National Commission for Computing and Freedoms (CNIL) at the following address:<\/p>\n<p>CNIL \u2013 3 place de Fontenoy \u2013 TSA 80715 \u2013 75334 Paris cedex 07 Tel: 01 53 73 22 22.<\/p>\n<h2>THIRD-PARTY SITES<\/h2>\n<p>Through the Site, by clicking on links or share buttons, Internet users may be redirected to third-party sites, such as <a href=\"http:\/\/www.linkedin.com\">www.linkedin.com<\/a> .<\/p>\n<p>Navigation on these sites is not the responsibility of Evalu, and Internet users are invited to consult the privacy policies of these third-party sites.<\/p>\n<p>In addition, the presence of links to these sites does not imply any approval of their content on the part of Evalu, and does not create any link between these sites and Evalu.<\/p>\n<h2>USE OF COOKIES<\/h2>\n<p>As part of the navigation on the Site, Evalu uses the affixing of cookies.<\/p>\n<p>The CNIL defines a cookie as being a small computer file, a tracer, deposited and read, for example, when consulting a website, reading an e-mail, installing or using a software or a mobile application, regardless of the type of terminal used (for example a computer or a smartphone).<\/p>\n<p>When they first connect to the Site, Internet users are warned of the use of cookies, and their consent is required before any affixing, except for cookies exempt from consent, in particular those purely technical.<\/p>\n<p><strong>The shelf life of cookies is 13 months.<\/strong><\/p>\n<h3>a) Data collected by cookies and purposes<\/h3>\n<p>Evalu uses Google Analytics cookies on the Site.<\/p>\n<p>The information collected by cookies is:<\/p>\n<ul>\n<li>IP Address\/Protocol<\/li>\n<li>Browser type<\/li>\n<li>Browser version<\/li>\n<li>Pages\/sections consulted<\/li>\n<li>Date and time of visit<\/li>\n<\/ul>\n<p>&nbsp;<\/p>\n<p>The data collected by these cookies is used for the following purposes:<\/p>\n<ul>\n<li>Provision of the service<\/li>\n<li>Information about changes and improvements related to the service<\/li>\n<li>User\/customer support<\/li>\n<li>Performance analyzes to improve services<\/li>\n<li>Control the use of the services<\/li>\n<li>Detection \/ prevention \/ resolution of technical problems<\/li>\n<li>Monitoring of web traffic and use of the service<\/li>\n<\/ul>\n<h3><\/h3>\n<h3><\/h3>\n<h3>b) Cookie management<\/h3>\n<p>Internet users who do not want cookies to be used on their computer can:<\/p>\n<p>&#8211; refuse the installation of cookies via the banner that is displayed during the first connection to the Site;<\/p>\n<p>&#8211; withdraw their consent at any time via the page of the Site dedicated to the management of cookies;<\/p>\n<p>&#8211; configure their browser by following the instructions below, depending on the browser used:<\/p>\n<ul>\n<li>Internet Explorer: https:\/\/support.microsoft.com\/fr-fr\/help\/17442\/windows-internet-explorer-delete-manage-cookies<\/li>\n<li>Chrome: https:\/\/support.google.com\/chrome\/answer\/95647?co=GENIE.Platform%3DDesktop&amp;hl=en<\/li>\n<li>Safari: https:\/\/support.apple.com\/fr-fr\/HT201265<\/li>\n<li>Mozilla Firefox: https:\/\/support.mozilla.org\/en\/kb\/enable-disable-cookies-preferences<\/li>\n<\/ul>\n<p>&nbsp;<\/p>\n<p>In the event that all cookies are disabled, this may cause instability or even unavailability of some of the services.<\/p>\n<h2>MODIFICATION OF THE PRIVACY POLICY<\/h2>\n<p>This Privacy Policy may be amended and updated at any time by Evalu.<\/p>\n<p>We advise you to consult it regularly in order to keep informed of the way in which we use and protect your personal data.<\/p>\n<p>[\/et_pb_text][\/et_pb_column][\/et_pb_row][\/et_pb_section]<\/p>\n","protected":false},"excerpt":{"rendered":"<p>PRIVACY POLICY &nbsp; The website www.evaluconseil.com (hereinafter referred to as &#8220;the Site&#8221;) is published by Evalu, a simplified joint stock company with capital of \u20ac10,000, registered with the Nanterre Trade and Companies Register under number 803 702 901, having its registered office at 81 rue Albert Perdreaux, 92370 Chaville (hereinafter referred to as &#8220;EVALU&#8221;). As [&hellip;]<\/p>\n","protected":false},"author":1,"featured_media":0,"parent":0,"menu_order":0,"comment_status":"closed","ping_status":"closed","template":"","meta":{"_et_pb_use_builder":"on","_et_pb_old_content":"","_et_gb_content_width":"","inline_featured_image":false,"footnotes":""},"class_list":["post-3425","page","type-page","status-publish","hentry"],"yoast_head":"<!-- This site is optimized with the Yoast SEO plugin v27.3 - https:\/\/yoast.com\/product\/yoast-seo-wordpress\/ -->\n<title>Privacy Policy - Evalu<\/title>\n<meta name=\"description\" content=\"This confidentiality policy describes the use of the company Evalu Conseil in the field of health.\" \/>\n<meta name=\"robots\" content=\"index, follow, max-snippet:-1, max-image-preview:large, max-video-preview:-1\" \/>\n<link rel=\"canonical\" href=\"https:\/\/evaluconseil.com\/en\/privacy-policy\/\" \/>\n<meta property=\"og:locale\" content=\"en_US\" \/>\n<meta property=\"og:type\" content=\"article\" \/>\n<meta property=\"og:title\" content=\"Privacy Policy - Evalu\" \/>\n<meta property=\"og:description\" content=\"This confidentiality policy describes the use of the company Evalu Conseil in the field of health.\" \/>\n<meta property=\"og:url\" content=\"https:\/\/evaluconseil.com\/en\/privacy-policy\/\" \/>\n<meta property=\"og:site_name\" content=\"Evalu\" \/>\n<meta property=\"article:modified_time\" content=\"2025-05-19T11:42:06+00:00\" \/>\n<meta name=\"twitter:card\" content=\"summary_large_image\" \/>\n<meta name=\"twitter:label1\" content=\"Est. reading time\" \/>\n\t<meta name=\"twitter:data1\" content=\"8 minutes\" \/>\n<script type=\"application\/ld+json\" class=\"yoast-schema-graph\">{\"@context\":\"https:\\\/\\\/schema.org\",\"@graph\":[{\"@type\":\"WebPage\",\"@id\":\"https:\\\/\\\/evaluconseil.com\\\/en\\\/privacy-policy\\\/\",\"url\":\"https:\\\/\\\/evaluconseil.com\\\/en\\\/privacy-policy\\\/\",\"name\":\"Privacy Policy - Evalu\",\"isPartOf\":{\"@id\":\"https:\\\/\\\/evaluconseil.com\\\/en\\\/#website\"},\"datePublished\":\"2021-11-18T14:11:56+00:00\",\"dateModified\":\"2025-05-19T11:42:06+00:00\",\"description\":\"This confidentiality policy describes the use of the company Evalu Conseil in the field of health.\",\"breadcrumb\":{\"@id\":\"https:\\\/\\\/evaluconseil.com\\\/en\\\/privacy-policy\\\/#breadcrumb\"},\"inLanguage\":\"en-US\",\"potentialAction\":[{\"@type\":\"ReadAction\",\"target\":[\"https:\\\/\\\/evaluconseil.com\\\/en\\\/privacy-policy\\\/\"]}]},{\"@type\":\"BreadcrumbList\",\"@id\":\"https:\\\/\\\/evaluconseil.com\\\/en\\\/privacy-policy\\\/#breadcrumb\",\"itemListElement\":[{\"@type\":\"ListItem\",\"position\":1,\"name\":\"Home\",\"item\":\"https:\\\/\\\/evaluconseil.com\\\/en\\\/assessed\\\/\"},{\"@type\":\"ListItem\",\"position\":2,\"name\":\"Privacy Policy\"}]},{\"@type\":\"WebSite\",\"@id\":\"https:\\\/\\\/evaluconseil.com\\\/en\\\/#website\",\"url\":\"https:\\\/\\\/evaluconseil.com\\\/en\\\/\",\"name\":\"Evalu\",\"description\":\"Soci\u00e9t\u00e9 de conseil dans l&#039;industrie de la sant\u00e9\",\"publisher\":{\"@id\":\"https:\\\/\\\/evaluconseil.com\\\/en\\\/#organization\"},\"potentialAction\":[{\"@type\":\"SearchAction\",\"target\":{\"@type\":\"EntryPoint\",\"urlTemplate\":\"https:\\\/\\\/evaluconseil.com\\\/en\\\/?s={search_term_string}\"},\"query-input\":{\"@type\":\"PropertyValueSpecification\",\"valueRequired\":true,\"valueName\":\"search_term_string\"}}],\"inLanguage\":\"en-US\"},{\"@type\":\"Organization\",\"@id\":\"https:\\\/\\\/evaluconseil.com\\\/en\\\/#organization\",\"name\":\"Evalu conseil\",\"url\":\"https:\\\/\\\/evaluconseil.com\\\/en\\\/\",\"logo\":{\"@type\":\"ImageObject\",\"inLanguage\":\"en-US\",\"@id\":\"https:\\\/\\\/evaluconseil.com\\\/en\\\/#\\\/schema\\\/logo\\\/image\\\/\",\"url\":\"https:\\\/\\\/evaluconseil.com\\\/wp-content\\\/uploads\\\/2021\\\/10\\\/Logo-evalu-blanc.png\",\"contentUrl\":\"https:\\\/\\\/evaluconseil.com\\\/wp-content\\\/uploads\\\/2021\\\/10\\\/Logo-evalu-blanc.png\",\"width\":1692,\"height\":1021,\"caption\":\"Evalu conseil\"},\"image\":{\"@id\":\"https:\\\/\\\/evaluconseil.com\\\/en\\\/#\\\/schema\\\/logo\\\/image\\\/\"},\"sameAs\":[\"https:\\\/\\\/www.linkedin.com\\\/company\\\/evalu-conseil\\\/\"]}]}<\/script>\n<!-- \/ Yoast SEO plugin. -->","yoast_head_json":{"title":"Privacy Policy - Evalu","description":"This confidentiality policy describes the use of the company Evalu Conseil in the field of health.","robots":{"index":"index","follow":"follow","max-snippet":"max-snippet:-1","max-image-preview":"max-image-preview:large","max-video-preview":"max-video-preview:-1"},"canonical":"https:\/\/evaluconseil.com\/en\/privacy-policy\/","og_locale":"en_US","og_type":"article","og_title":"Privacy Policy - Evalu","og_description":"This confidentiality policy describes the use of the company Evalu Conseil in the field of health.","og_url":"https:\/\/evaluconseil.com\/en\/privacy-policy\/","og_site_name":"Evalu","article_modified_time":"2025-05-19T11:42:06+00:00","twitter_card":"summary_large_image","twitter_misc":{"Est. reading time":"8 minutes"},"schema":{"@context":"https:\/\/schema.org","@graph":[{"@type":"WebPage","@id":"https:\/\/evaluconseil.com\/en\/privacy-policy\/","url":"https:\/\/evaluconseil.com\/en\/privacy-policy\/","name":"Privacy Policy - Evalu","isPartOf":{"@id":"https:\/\/evaluconseil.com\/en\/#website"},"datePublished":"2021-11-18T14:11:56+00:00","dateModified":"2025-05-19T11:42:06+00:00","description":"This confidentiality policy describes the use of the company Evalu Conseil in the field of health.","breadcrumb":{"@id":"https:\/\/evaluconseil.com\/en\/privacy-policy\/#breadcrumb"},"inLanguage":"en-US","potentialAction":[{"@type":"ReadAction","target":["https:\/\/evaluconseil.com\/en\/privacy-policy\/"]}]},{"@type":"BreadcrumbList","@id":"https:\/\/evaluconseil.com\/en\/privacy-policy\/#breadcrumb","itemListElement":[{"@type":"ListItem","position":1,"name":"Home","item":"https:\/\/evaluconseil.com\/en\/assessed\/"},{"@type":"ListItem","position":2,"name":"Privacy Policy"}]},{"@type":"WebSite","@id":"https:\/\/evaluconseil.com\/en\/#website","url":"https:\/\/evaluconseil.com\/en\/","name":"Evalu","description":"Soci\u00e9t\u00e9 de conseil dans l&#039;industrie de la sant\u00e9","publisher":{"@id":"https:\/\/evaluconseil.com\/en\/#organization"},"potentialAction":[{"@type":"SearchAction","target":{"@type":"EntryPoint","urlTemplate":"https:\/\/evaluconseil.com\/en\/?s={search_term_string}"},"query-input":{"@type":"PropertyValueSpecification","valueRequired":true,"valueName":"search_term_string"}}],"inLanguage":"en-US"},{"@type":"Organization","@id":"https:\/\/evaluconseil.com\/en\/#organization","name":"Evalu conseil","url":"https:\/\/evaluconseil.com\/en\/","logo":{"@type":"ImageObject","inLanguage":"en-US","@id":"https:\/\/evaluconseil.com\/en\/#\/schema\/logo\/image\/","url":"https:\/\/evaluconseil.com\/wp-content\/uploads\/2021\/10\/Logo-evalu-blanc.png","contentUrl":"https:\/\/evaluconseil.com\/wp-content\/uploads\/2021\/10\/Logo-evalu-blanc.png","width":1692,"height":1021,"caption":"Evalu conseil"},"image":{"@id":"https:\/\/evaluconseil.com\/en\/#\/schema\/logo\/image\/"},"sameAs":["https:\/\/www.linkedin.com\/company\/evalu-conseil\/"]}]}},"_links":{"self":[{"href":"https:\/\/evaluconseil.com\/en\/wp-json\/wp\/v2\/pages\/3425","targetHints":{"allow":["GET"]}}],"collection":[{"href":"https:\/\/evaluconseil.com\/en\/wp-json\/wp\/v2\/pages"}],"about":[{"href":"https:\/\/evaluconseil.com\/en\/wp-json\/wp\/v2\/types\/page"}],"author":[{"embeddable":true,"href":"https:\/\/evaluconseil.com\/en\/wp-json\/wp\/v2\/users\/1"}],"replies":[{"embeddable":true,"href":"https:\/\/evaluconseil.com\/en\/wp-json\/wp\/v2\/comments?post=3425"}],"version-history":[{"count":5,"href":"https:\/\/evaluconseil.com\/en\/wp-json\/wp\/v2\/pages\/3425\/revisions"}],"predecessor-version":[{"id":4891,"href":"https:\/\/evaluconseil.com\/en\/wp-json\/wp\/v2\/pages\/3425\/revisions\/4891"}],"wp:attachment":[{"href":"https:\/\/evaluconseil.com\/en\/wp-json\/wp\/v2\/media?parent=3425"}],"curies":[{"name":"wp","href":"https:\/\/api.w.org\/{rel}","templated":true}]}}