{"id":3372,"date":"2021-11-18T15:16:35","date_gmt":"2021-11-18T14:16:35","guid":{"rendered":"https:\/\/evalu-dev.33degres.fr\/legal-notice\/"},"modified":"2025-03-06T09:29:57","modified_gmt":"2025-03-06T08:29:57","slug":"legal-notice","status":"publish","type":"page","link":"https:\/\/evaluconseil.com\/en\/legal-notice\/","title":{"rendered":"Legal Notice"},"content":{"rendered":"<p>[et_pb_section fb_built=&#8221;1&#8243; fullwidth=&#8221;on&#8221; _builder_version=&#8221;4.16&#8243; _module_preset=&#8221;default&#8221; custom_margin=&#8221;||0px||false|false&#8221; custom_padding=&#8221;||||false|false&#8221; global_colors_info=&#8221;{}&#8221;][\/et_pb_section][et_pb_section fb_built=&#8221;1&#8243; _builder_version=&#8221;4.16&#8243; _module_preset=&#8221;default&#8221; custom_padding=&#8221;50px|||||&#8221; locked=&#8221;off&#8221; global_colors_info=&#8221;{}&#8221;][et_pb_row _builder_version=&#8221;4.16&#8243; _module_preset=&#8221;default&#8221; custom_padding=&#8221;0px||||false|false&#8221; global_colors_info=&#8221;{}&#8221;][et_pb_column type=&#8221;4_4&#8243; _builder_version=&#8221;4.16&#8243; _module_preset=&#8221;default&#8221; global_colors_info=&#8221;{}&#8221;][et_pb_text _builder_version=&#8221;4.16&#8243; _module_preset=&#8221;default&#8221; global_colors_info=&#8221;{}&#8221;]<\/p>\n<h1 style=\"text-align: center;\">LEGAL NOTICE<\/h1>\n<p>&nbsp;<\/p>\n<h2>Website editor and publication director:<\/h2>\n<p>The website www.evaluconseil.com (hereinafter &#8220;the Site&#8221;) is published by Evalu, a simplified joint stock company with capital of \u20ac10,000, registered with the Nanterre Trade and Companies Register under number 803 702 901, whose registered office is located at 81 rue Albert Perdreaux, 92370 Chaville.<br \/>The publication director is Mrs Karine Monn\u00e9 &#8211; President. E-mail: <span style=\"color: #0c71c3;\">contact@evaluconseil.com<\/span> <\/p>\n<h2>Accommodation<\/h2>\n<p>The www.evaluconseil.com website is hosted by <span>OVHcloud on servers based in Gravelines, France<\/span>. Phone. <b>1007<\/b><br \/><span>OVHcloud is a subsidiary of OVH Groupe SA, a company registered with the Lille Trade and Companies Register under number 537 407 926 at 2, rue Kellermann, 59100 Roubaix.<\/span><\/p>\n<h2>Intellectual property<\/h2>\n<p>Evalu is the owner of all rights, in particular intellectual property rights, relating to the elements making up the www.evaluconseil.com website.<br \/>Evalu is the owner of the &#8220;Evalu&#8221; brand and the www.evaluconseil.com domain name.<br \/>Any reproduction, in whole or in part, of any of these elements without the prior written authorization of Evalu is strictly forbidden. The content of the Site may be modified at any time and without notice.<\/p>\n<h2>Third Party Sites<\/h2>\n<p>Through the Site, by clicking on links or share buttons, Internet users may be redirected to third-party sites, such as www.linkedin.com.<br \/>Browsing these sites is not the responsibility of Evalu, and Internet users are invited to consult the privacy policies of these third-party sites.<br \/>Furthermore, the presence of links to these sites does not imply any approval of their content on the part of Evalu, and does not create any link between these sites and Evalu.<\/p>\n<h2>Personal data<\/h2>\n<p>To find out more about the processing of personal data implemented via the Site by Evalu, and how you can exercise your rights (access, rectification, opposition, etc.), you can consult <a href=\"https:\/\/evaluconseil.com\/en\/privacy-policy\/\">our privacy policy<\/a> .<\/p>\n<p>[\/et_pb_text][\/et_pb_column][\/et_pb_row][\/et_pb_section]<\/p>\n","protected":false},"excerpt":{"rendered":"<p>LEGAL NOTICE &nbsp; Website editor and publication director: The website www.evaluconseil.com (hereinafter &#8220;the Site&#8221;) is published by Evalu, a simplified joint stock company with capital of \u20ac10,000, registered with the Nanterre Trade and Companies Register under number 803 702 901, whose registered office is located at 81 rue Albert Perdreaux, 92370 Chaville.The publication director is [&hellip;]<\/p>\n","protected":false},"author":1,"featured_media":0,"parent":0,"menu_order":0,"comment_status":"closed","ping_status":"closed","template":"","meta":{"_et_pb_use_builder":"on","_et_pb_old_content":"","_et_gb_content_width":"","inline_featured_image":false,"footnotes":""},"class_list":["post-3372","page","type-page","status-publish","hentry"],"yoast_head":"<!-- This site is optimized with the Yoast SEO plugin v27.3 - https:\/\/yoast.com\/product\/yoast-seo-wordpress\/ -->\n<title>Legal Notice - Evalu<\/title>\n<meta name=\"description\" content=\"Evalu is the holder of all intellectual property rights relating to the elements making up the evaluconseil site.\" \/>\n<meta name=\"robots\" content=\"index, follow, max-snippet:-1, max-image-preview:large, max-video-preview:-1\" \/>\n<link rel=\"canonical\" href=\"https:\/\/evaluconseil.com\/en\/legal-notice\/\" \/>\n<meta property=\"og:locale\" content=\"en_US\" \/>\n<meta property=\"og:type\" content=\"article\" \/>\n<meta property=\"og:title\" content=\"Legal Notice - Evalu\" \/>\n<meta property=\"og:description\" content=\"Evalu is the holder of all intellectual property rights relating to the elements making up the evaluconseil site.\" \/>\n<meta property=\"og:url\" content=\"https:\/\/evaluconseil.com\/en\/legal-notice\/\" \/>\n<meta property=\"og:site_name\" content=\"Evalu\" \/>\n<meta property=\"article:modified_time\" content=\"2025-03-06T08:29:57+00:00\" \/>\n<meta name=\"twitter:card\" content=\"summary_large_image\" \/>\n<meta name=\"twitter:label1\" content=\"Est. reading time\" \/>\n\t<meta name=\"twitter:data1\" content=\"2 minutes\" \/>\n<script type=\"application\/ld+json\" class=\"yoast-schema-graph\">{\"@context\":\"https:\\\/\\\/schema.org\",\"@graph\":[{\"@type\":\"WebPage\",\"@id\":\"https:\\\/\\\/evaluconseil.com\\\/en\\\/legal-notice\\\/\",\"url\":\"https:\\\/\\\/evaluconseil.com\\\/en\\\/legal-notice\\\/\",\"name\":\"Legal Notice - Evalu\",\"isPartOf\":{\"@id\":\"https:\\\/\\\/evaluconseil.com\\\/en\\\/#website\"},\"datePublished\":\"2021-11-18T14:16:35+00:00\",\"dateModified\":\"2025-03-06T08:29:57+00:00\",\"description\":\"Evalu is the holder of all intellectual property rights relating to the elements making up the evaluconseil site.\",\"breadcrumb\":{\"@id\":\"https:\\\/\\\/evaluconseil.com\\\/en\\\/legal-notice\\\/#breadcrumb\"},\"inLanguage\":\"en-US\",\"potentialAction\":[{\"@type\":\"ReadAction\",\"target\":[\"https:\\\/\\\/evaluconseil.com\\\/en\\\/legal-notice\\\/\"]}]},{\"@type\":\"BreadcrumbList\",\"@id\":\"https:\\\/\\\/evaluconseil.com\\\/en\\\/legal-notice\\\/#breadcrumb\",\"itemListElement\":[{\"@type\":\"ListItem\",\"position\":1,\"name\":\"Home\",\"item\":\"https:\\\/\\\/evaluconseil.com\\\/en\\\/assessed\\\/\"},{\"@type\":\"ListItem\",\"position\":2,\"name\":\"Legal Notice\"}]},{\"@type\":\"WebSite\",\"@id\":\"https:\\\/\\\/evaluconseil.com\\\/en\\\/#website\",\"url\":\"https:\\\/\\\/evaluconseil.com\\\/en\\\/\",\"name\":\"Evalu\",\"description\":\"Soci\u00e9t\u00e9 de conseil dans l&#039;industrie de la sant\u00e9\",\"publisher\":{\"@id\":\"https:\\\/\\\/evaluconseil.com\\\/en\\\/#organization\"},\"potentialAction\":[{\"@type\":\"SearchAction\",\"target\":{\"@type\":\"EntryPoint\",\"urlTemplate\":\"https:\\\/\\\/evaluconseil.com\\\/en\\\/?s={search_term_string}\"},\"query-input\":{\"@type\":\"PropertyValueSpecification\",\"valueRequired\":true,\"valueName\":\"search_term_string\"}}],\"inLanguage\":\"en-US\"},{\"@type\":\"Organization\",\"@id\":\"https:\\\/\\\/evaluconseil.com\\\/en\\\/#organization\",\"name\":\"Evalu conseil\",\"url\":\"https:\\\/\\\/evaluconseil.com\\\/en\\\/\",\"logo\":{\"@type\":\"ImageObject\",\"inLanguage\":\"en-US\",\"@id\":\"https:\\\/\\\/evaluconseil.com\\\/en\\\/#\\\/schema\\\/logo\\\/image\\\/\",\"url\":\"https:\\\/\\\/evaluconseil.com\\\/wp-content\\\/uploads\\\/2021\\\/10\\\/Logo-evalu-blanc.png\",\"contentUrl\":\"https:\\\/\\\/evaluconseil.com\\\/wp-content\\\/uploads\\\/2021\\\/10\\\/Logo-evalu-blanc.png\",\"width\":1692,\"height\":1021,\"caption\":\"Evalu conseil\"},\"image\":{\"@id\":\"https:\\\/\\\/evaluconseil.com\\\/en\\\/#\\\/schema\\\/logo\\\/image\\\/\"},\"sameAs\":[\"https:\\\/\\\/www.linkedin.com\\\/company\\\/evalu-conseil\\\/\"]}]}<\/script>\n<!-- \/ Yoast SEO plugin. -->","yoast_head_json":{"title":"Legal Notice - Evalu","description":"Evalu is the holder of all intellectual property rights relating to the elements making up the evaluconseil site.","robots":{"index":"index","follow":"follow","max-snippet":"max-snippet:-1","max-image-preview":"max-image-preview:large","max-video-preview":"max-video-preview:-1"},"canonical":"https:\/\/evaluconseil.com\/en\/legal-notice\/","og_locale":"en_US","og_type":"article","og_title":"Legal Notice - Evalu","og_description":"Evalu is the holder of all intellectual property rights relating to the elements making up the evaluconseil site.","og_url":"https:\/\/evaluconseil.com\/en\/legal-notice\/","og_site_name":"Evalu","article_modified_time":"2025-03-06T08:29:57+00:00","twitter_card":"summary_large_image","twitter_misc":{"Est. reading time":"2 minutes"},"schema":{"@context":"https:\/\/schema.org","@graph":[{"@type":"WebPage","@id":"https:\/\/evaluconseil.com\/en\/legal-notice\/","url":"https:\/\/evaluconseil.com\/en\/legal-notice\/","name":"Legal Notice - Evalu","isPartOf":{"@id":"https:\/\/evaluconseil.com\/en\/#website"},"datePublished":"2021-11-18T14:16:35+00:00","dateModified":"2025-03-06T08:29:57+00:00","description":"Evalu is the holder of all intellectual property rights relating to the elements making up the evaluconseil site.","breadcrumb":{"@id":"https:\/\/evaluconseil.com\/en\/legal-notice\/#breadcrumb"},"inLanguage":"en-US","potentialAction":[{"@type":"ReadAction","target":["https:\/\/evaluconseil.com\/en\/legal-notice\/"]}]},{"@type":"BreadcrumbList","@id":"https:\/\/evaluconseil.com\/en\/legal-notice\/#breadcrumb","itemListElement":[{"@type":"ListItem","position":1,"name":"Home","item":"https:\/\/evaluconseil.com\/en\/assessed\/"},{"@type":"ListItem","position":2,"name":"Legal Notice"}]},{"@type":"WebSite","@id":"https:\/\/evaluconseil.com\/en\/#website","url":"https:\/\/evaluconseil.com\/en\/","name":"Evalu","description":"Soci\u00e9t\u00e9 de conseil dans l&#039;industrie de la sant\u00e9","publisher":{"@id":"https:\/\/evaluconseil.com\/en\/#organization"},"potentialAction":[{"@type":"SearchAction","target":{"@type":"EntryPoint","urlTemplate":"https:\/\/evaluconseil.com\/en\/?s={search_term_string}"},"query-input":{"@type":"PropertyValueSpecification","valueRequired":true,"valueName":"search_term_string"}}],"inLanguage":"en-US"},{"@type":"Organization","@id":"https:\/\/evaluconseil.com\/en\/#organization","name":"Evalu conseil","url":"https:\/\/evaluconseil.com\/en\/","logo":{"@type":"ImageObject","inLanguage":"en-US","@id":"https:\/\/evaluconseil.com\/en\/#\/schema\/logo\/image\/","url":"https:\/\/evaluconseil.com\/wp-content\/uploads\/2021\/10\/Logo-evalu-blanc.png","contentUrl":"https:\/\/evaluconseil.com\/wp-content\/uploads\/2021\/10\/Logo-evalu-blanc.png","width":1692,"height":1021,"caption":"Evalu conseil"},"image":{"@id":"https:\/\/evaluconseil.com\/en\/#\/schema\/logo\/image\/"},"sameAs":["https:\/\/www.linkedin.com\/company\/evalu-conseil\/"]}]}},"_links":{"self":[{"href":"https:\/\/evaluconseil.com\/en\/wp-json\/wp\/v2\/pages\/3372","targetHints":{"allow":["GET"]}}],"collection":[{"href":"https:\/\/evaluconseil.com\/en\/wp-json\/wp\/v2\/pages"}],"about":[{"href":"https:\/\/evaluconseil.com\/en\/wp-json\/wp\/v2\/types\/page"}],"author":[{"embeddable":true,"href":"https:\/\/evaluconseil.com\/en\/wp-json\/wp\/v2\/users\/1"}],"replies":[{"embeddable":true,"href":"https:\/\/evaluconseil.com\/en\/wp-json\/wp\/v2\/comments?post=3372"}],"version-history":[{"count":12,"href":"https:\/\/evaluconseil.com\/en\/wp-json\/wp\/v2\/pages\/3372\/revisions"}],"predecessor-version":[{"id":4651,"href":"https:\/\/evaluconseil.com\/en\/wp-json\/wp\/v2\/pages\/3372\/revisions\/4651"}],"wp:attachment":[{"href":"https:\/\/evaluconseil.com\/en\/wp-json\/wp\/v2\/media?parent=3372"}],"curies":[{"name":"wp","href":"https:\/\/api.w.org\/{rel}","templated":true}]}}